{"id":1936,"date":"2025-11-30T09:43:42","date_gmt":"2025-11-30T09:43:42","guid":{"rendered":"https:\/\/www.eagletax.pl\/?page_id=1936"},"modified":"2026-02-25T10:12:26","modified_gmt":"2026-02-25T10:12:26","slug":"ksiegowosc-dla-firm","status":"publish","type":"page","link":"https:\/\/www.eagletax.pl\/index.php\/ksiegowosc-dla-firm\/","title":{"rendered":"Ksi\u0119gowo\u015b\u0107 dla firm\u200b"},"content":{"rendered":"\t\t<div data-elementor-type=\"wp-page\" data-elementor-id=\"1936\" class=\"elementor elementor-1936\" data-elementor-post-type=\"page\">\n\t\t\t\t\t\t<section class=\"elementor-section elementor-top-section elementor-element elementor-element-447bb11 elementor-section-height-min-height elementor-section-items-bottom elementor-section-boxed elementor-section-height-default\" data-id=\"447bb11\" data-element_type=\"section\" data-e-type=\"section\" data-settings=\"{&quot;background_background&quot;:&quot;classic&quot;}\">\n\t\t\t\t\t\t\t<div class=\"elementor-background-overlay\"><\/div>\n\t\t\t\t\t\t\t<div class=\"elementor-container elementor-column-gap-default\">\n\t\t\t\t\t<div class=\"elementor-column elementor-col-50 elementor-top-column elementor-element elementor-element-01b2a2e\" data-id=\"01b2a2e\" data-element_type=\"column\" data-e-type=\"column\">\n\t\t\t<div class=\"elementor-widget-wrap elementor-element-populated\">\n\t\t\t\t\t\t<div class=\"elementor-element elementor-element-5cf34b4 elementor-widget elementor-widget-heading\" data-id=\"5cf34b4\" data-element_type=\"widget\" data-e-type=\"widget\" data-widget_type=\"heading.default\">\n\t\t\t\t<div class=\"elementor-widget-container\">\n\t\t\t\t\t<h2 class=\"elementor-heading-title elementor-size-default\">Ksi\u0119gowo\u015b\u0107 dla firm<\/h2>\t\t\t\t<\/div>\n\t\t\t\t<\/div>\n\t\t\t\t\t<\/div>\n\t\t<\/div>\n\t\t\t\t<div class=\"elementor-column elementor-col-50 elementor-top-column elementor-element elementor-element-71f47ea elementor-hidden-tablet elementor-hidden-phone\" data-id=\"71f47ea\" data-element_type=\"column\" data-e-type=\"column\">\n\t\t\t<div class=\"elementor-widget-wrap\">\n\t\t\t\t\t\t\t<\/div>\n\t\t<\/div>\n\t\t\t\t\t<\/div>\n\t\t<\/section>\n\t\t<div class=\"elementor-element elementor-element-d35f187 e-flex e-con-boxed e-con e-parent\" data-id=\"d35f187\" data-element_type=\"container\" data-e-type=\"container\">\n\t\t\t\t\t<div class=\"e-con-inner\">\n\t\t<div class=\"elementor-element elementor-element-b25d40a e-con-full e-flex e-con e-child\" data-id=\"b25d40a\" data-element_type=\"container\" data-e-type=\"container\">\n\t\t\t\t<div class=\"elementor-element elementor-element-c4d00b6 elementor-flip-box--effect-flip elementor-flip-box--direction-up elementor-widget elementor-widget-flip-box\" data-id=\"c4d00b6\" data-element_type=\"widget\" data-e-type=\"widget\" data-widget_type=\"flip-box.default\">\n\t\t\t\t<div class=\"elementor-widget-container\">\n\t\t\t\t\t\t\t<div class=\"elementor-flip-box\" tabindex=\"0\">\n\t\t\t<div class=\"elementor-flip-box__layer elementor-flip-box__front\">\n\t\t\t\t<div class=\"elementor-flip-box__layer__overlay\">\n\t\t\t\t\t<div class=\"elementor-flip-box__layer__inner\">\n\t\t\t\t\t\t\t\t\t\t\t\t\t<div class=\"elementor-icon-wrapper elementor-view-default\">\n\t\t\t\t\t\t\t\t<div class=\"elementor-icon\">\n\t\t\t\t\t\t\t\t\t<i class=\"fas fa-business-time\"><\/i>\t\t\t\t\t\t\t\t<\/div>\n\t\t\t\t\t\t\t<\/div>\n\t\t\t\t\t\t\n\t\t\t\t\t\t\t\t\t\t\t\t\t<h3 class=\"elementor-flip-box__layer__title\">\n\t\t\t\t\t\t\t\tJDG\t\t\t\t\t\t\t<\/h3>\n\t\t\t\t\t\t\n\t\t\t\t\t\t\t\t\t\t\t<\/div>\n\t\t\t\t<\/div>\n\t\t\t<\/div>\n\t\t\t<div class=\"elementor-flip-box__layer elementor-flip-box__back\">\n\t\t\t<div class=\"elementor-flip-box__layer__overlay\">\n\t\t\t\t<div class=\"elementor-flip-box__layer__inner\">\n\t\t\t\t\t\t\t\t\t\t\t<h3 class=\"elementor-flip-box__layer__title\">\n\t\t\t\t\t\t\tJDG\t\t\t\t\t\t<\/h3>\n\t\t\t\t\t\n\t\t\t\t\t\n\t\t\t\t\t\t\t\t\t\t\t<a class=\"elementor-flip-box__button elementor-button elementor-size-sm\" href=\"https:\/\/www.eagletax.pl\/index.php\/jdg\/\">\n\t\t\t\t\t\t\tWI\u0118CEJ\t\t\t\t\t\t<\/a>\n\t\t\t\t\t\t\t\t<\/div>\n\t\t<\/div>\n\t\t<\/div>\n\t\t<\/div>\n\t\t\t\t\t\t<\/div>\n\t\t\t\t<\/div>\n\t\t\t\t<\/div>\n\t\t<div class=\"elementor-element elementor-element-d2c511e e-con-full e-flex e-con e-child\" data-id=\"d2c511e\" data-element_type=\"container\" data-e-type=\"container\">\n\t\t\t\t<div class=\"elementor-element elementor-element-c68e3ee elementor-flip-box--effect-flip elementor-flip-box--direction-up elementor-widget elementor-widget-flip-box\" data-id=\"c68e3ee\" data-element_type=\"widget\" data-e-type=\"widget\" data-widget_type=\"flip-box.default\">\n\t\t\t\t<div class=\"elementor-widget-container\">\n\t\t\t\t\t\t\t<div class=\"elementor-flip-box\" tabindex=\"0\">\n\t\t\t<div class=\"elementor-flip-box__layer elementor-flip-box__front\">\n\t\t\t\t<div class=\"elementor-flip-box__layer__overlay\">\n\t\t\t\t\t<div class=\"elementor-flip-box__layer__inner\">\n\t\t\t\t\t\t\t\t\t\t\t\t\t<div class=\"elementor-icon-wrapper elementor-view-default\">\n\t\t\t\t\t\t\t\t<div class=\"elementor-icon\">\n\t\t\t\t\t\t\t\t\t<i class=\"fas fa-book-open\"><\/i>\t\t\t\t\t\t\t\t<\/div>\n\t\t\t\t\t\t\t<\/div>\n\t\t\t\t\t\t\n\t\t\t\t\t\t\t\t\t\t\t\t\t<h3 class=\"elementor-flip-box__layer__title\">\n\t\t\t\t\t\t\t\tPE\u0141NA KSI\u0118GOWO\u015a\u0106\t\t\t\t\t\t\t<\/h3>\n\t\t\t\t\t\t\n\t\t\t\t\t\t\t\t\t\t\t<\/div>\n\t\t\t\t<\/div>\n\t\t\t<\/div>\n\t\t\t<div class=\"elementor-flip-box__layer elementor-flip-box__back\">\n\t\t\t<div class=\"elementor-flip-box__layer__overlay\">\n\t\t\t\t<div class=\"elementor-flip-box__layer__inner\">\n\t\t\t\t\t\t\t\t\t\t\t<h3 class=\"elementor-flip-box__layer__title\">\n\t\t\t\t\t\t\tPE\u0141NA KSI\u0118GOWO\u015a\u0106\t\t\t\t\t\t<\/h3>\n\t\t\t\t\t\n\t\t\t\t\t\n\t\t\t\t\t\t\t\t\t\t\t<a class=\"elementor-flip-box__button elementor-button elementor-size-sm\" href=\"https:\/\/www.eagletax.pl\/index.php\/pelna-ksiegowosc\/\">\n\t\t\t\t\t\t\tWI\u0118CEJ\t\t\t\t\t\t<\/a>\n\t\t\t\t\t\t\t\t<\/div>\n\t\t<\/div>\n\t\t<\/div>\n\t\t<\/div>\n\t\t\t\t\t\t<\/div>\n\t\t\t\t<\/div>\n\t\t\t\t<\/div>\n\t\t\t\t\t<\/div>\n\t\t\t\t<\/div>\n\t\t\t\t<section class=\"elementor-section elementor-top-section elementor-element elementor-element-f4ff7ab elementor-section-boxed elementor-section-height-default elementor-section-height-default\" data-id=\"f4ff7ab\" data-element_type=\"section\" data-e-type=\"section\" data-settings=\"{&quot;background_background&quot;:&quot;classic&quot;}\">\n\t\t\t\t\t\t<div class=\"elementor-container elementor-column-gap-default\">\n\t\t\t\t\t<div class=\"elementor-column elementor-col-100 elementor-top-column elementor-element elementor-element-44539d7\" data-id=\"44539d7\" data-element_type=\"column\" data-e-type=\"column\">\n\t\t\t<div class=\"elementor-widget-wrap elementor-element-populated\">\n\t\t\t\t\t\t<div class=\"elementor-element elementor-element-f7a050b elementor-widget elementor-widget-text-editor\" data-id=\"f7a050b\" data-element_type=\"widget\" data-e-type=\"widget\" data-widget_type=\"text-editor.default\">\n\t\t\t\t<div class=\"elementor-widget-container\">\n\t\t\t\t\t\t\t\t\t<p><strong>Ksi\u0119gowo\u015b\u0107 dla firm Wroc\u0142aw \u2013 kompleksowa obs\u0142uga przedsi\u0119biorstw, sp\u00f3\u0142ek i organizacji<\/strong><\/p><p>Profesjonalna <strong>ksi\u0119gowo\u015b\u0107 dla firm we Wroc\u0142awiu<\/strong> to podstawa bezpiecznego prowadzenia biznesu. Niezale\u017cnie od tego, czy prowadzisz jednoosobow\u0105 dzia\u0142alno\u015b\u0107 gospodarcz\u0105, sp\u00f3\u0142k\u0119 z o.o., start-up, sklep internetowy czy fundacj\u0119 \u2013 nasza obs\u0142uga ksi\u0119gowa zosta\u0142a zaprojektowana tak, aby odci\u0105\u017cy\u0107 Ci\u0119 od formalno\u015bci i zapewni\u0107 pe\u0142n\u0105 zgodno\u015b\u0107 z aktualnymi przepisami podatkowymi.<\/p><p>Oferujemy prowadzenie ksi\u0119gowo\u015bci w modelu tradycyjnym oraz w pe\u0142ni online, pomagaj\u0105c przedsi\u0119biorcom skupi\u0107 si\u0119 na rozwoju firmy, a nie na rozliczeniach. Pracujemy z klientami z ca\u0142ego Wroc\u0142awia i okolic, a nasze rozwi\u0105zania s\u0105 dopasowane do indywidualnych potrzeb ka\u017cdej bran\u017cy.<\/p><p><strong>Prowadzenie KPiR \u2013 ksi\u0119gowo\u015b\u0107 uproszczona dla ma\u0142ych i \u015brednich firm<\/strong><\/p><p>Dla przedsi\u0119biorc\u00f3w rozliczaj\u0105cych si\u0119 na zasadach og\u00f3lnych lub podatku liniowego prowadzimy <strong>KPiR (Ksi\u0119g\u0119 Przychod\u00f3w i Rozchod\u00f3w)<\/strong>. To idealna forma ksi\u0119gowo\u015bci dla ma\u0142ych firm, us\u0142ugodawc\u00f3w, freelancer\u00f3w oraz dzia\u0142alno\u015bci jednoosobowych.<\/p><p>Nasza us\u0142uga obejmuje m.in.:<\/p><ul><li>ewidencj\u0119 przychod\u00f3w i koszt\u00f3w,<\/li><li>rozliczenia podatku PIT,<\/li><li>przygotowanie deklaracji i wysy\u0142k\u0119 JPK,<\/li><li>prowadzenie ewidencji VAT,<\/li><li>reprezentacj\u0119 przed Urz\u0119dem Skarbowym.<\/li><\/ul><p>Je\u015bli szukasz wsparcia w zakresie <strong>prowadzenia KPiR we Wroc\u0142awiu<\/strong>, zapewniamy pe\u0142ne, terminowe i bezpieczne rozliczenia.<\/p><p><strong>Pe\u0142na ksi\u0119gowo\u015b\u0107 \u2013 ksi\u0119gi handlowe dla sp\u00f3\u0142ek i wi\u0119kszych firm<\/strong><\/p><p>Dla wi\u0119kszych firm oraz podmiot\u00f3w zobowi\u0105zanych do prowadzenia rozbudowanej dokumentacji oferujemy <strong>pe\u0142n\u0105 ksi\u0119gowo\u015b\u0107 (ksi\u0119gi handlowe)<\/strong>.<br \/>Jest to najbardziej precyzyjna forma ewidencji, wymagana m.in. w sp\u00f3\u0142kach z o.o., sp\u00f3\u0142kach komandytowych i akcyjnych.<\/p><p>Zakres obs\u0142ugi obejmuje:<\/p><ul><li>prowadzenie ksi\u0105g rachunkowych zgodnie z Ustaw\u0105 o Rachunkowo\u015bci,<\/li><li>ewidencj\u0119 \u015brodk\u00f3w trwa\u0142ych i amortyzacji,<\/li><li>rozliczenia CIT i VAT,<\/li><li>sprawozdania finansowe,<\/li><li>analizy koszt\u00f3w i rentowno\u015bci,<\/li><li>raporty zarz\u0105dcze.<\/li><\/ul><p>Je\u017celi potrzebujesz <strong>pe\u0142nej ksi\u0119gowo\u015bci we Wroc\u0142awiu<\/strong>, mo\u017cesz liczy\u0107 na dok\u0142adno\u015b\u0107, transparentno\u015b\u0107 i pe\u0142n\u0105 odpowiedzialno\u015b\u0107 po naszej stronie.<\/p><p><strong>Ksi\u0119gowo\u015b\u0107 rycza\u0142towa \u2013 szybkie i proste rozliczenia dla przedsi\u0119biorc\u00f3w<\/strong><\/p><p>Dla firm rozliczaj\u0105cych si\u0119 rycza\u0142tem oferujemy kompleksow\u0105 obs\u0142ug\u0119 w zakresie:<\/p><ul><li>ewidencji przychod\u00f3w,<\/li><li>kontroli stawek rycza\u0142tu,<\/li><li>wyliczania podatku,<\/li><li>prowadzenia ewidencji \u015brodk\u00f3w trwa\u0142ych,<\/li><li>rozlicze\u0144 VAT, gdy s\u0105 wymagane.<\/li><\/ul><p>Nasze rozwi\u0105zania idealnie sprawdzaj\u0105 si\u0119 dla us\u0142ugodawc\u00f3w, specjalist\u00f3w IT, e-commerce oraz ma\u0142ych dzia\u0142alno\u015bci gospodarczych. Je\u015bli interesuje Ci\u0119 <strong>rycza\u0142t we Wroc\u0142awiu<\/strong>, zadbamy o precyzyjne i terminowe rozliczenia.<\/p><p><strong>Ksi\u0119gowo\u015b\u0107 sp\u00f3\u0142ek z o.o. oraz innych podmiot\u00f3w kapita\u0142owych<\/strong><\/p><p>Obs\u0142ugujemy ksi\u0119gowo\u015b\u0107 sp\u00f3\u0142ek z o.o., komandytowych oraz akcyjnych. Jest to najbardziej wymagaj\u0105ca forma rozlicze\u0144, dlatego szczeg\u00f3lny nacisk k\u0142adziemy na bezpiecze\u0144stwo danych, poprawno\u015b\u0107 dokument\u00f3w oraz zgodno\u015b\u0107 z przepisami.<\/p><p>Zakres us\u0142ug obejmuje:<\/p><ul><li>prowadzenie pe\u0142nych ksi\u0105g handlowych,<\/li><li>obs\u0142ug\u0119 kapita\u0142\u00f3w, udzia\u0142\u00f3w i uchwa\u0142,<\/li><li>raporty dla zarz\u0105d\u00f3w i wsp\u00f3lnik\u00f3w,<\/li><li>przygotowanie dokumentacji dla bank\u00f3w i inwestor\u00f3w,<\/li><li>obs\u0142ug\u0119 rozlicze\u0144 CIT i VAT,<\/li><li>reprezentacj\u0119 przed US i ZUS.<\/li><\/ul><p>Je\u017celi szukasz obs\u0142ugi <strong>sp\u00f3\u0142ki z o.o. we Wroc\u0142awiu<\/strong>, gwarantujemy profesjonalne wsparcie na ka\u017cdym etapie dzia\u0142alno\u015bci.<\/p><p><strong>Ksi\u0119gowo\u015b\u0107 dla nowych firm i start-up\u00f3w<\/strong><\/p><p>Nowi przedsi\u0119biorcy cz\u0119sto potrzebuj\u0105 wsparcia nie tylko ksi\u0119gowego, ale r\u00f3wnie\u017c organizacyjnego. Dlatego oferujemy:<\/p><ul><li>pomoc w wyborze formy opodatkowania,<\/li><li>rejestracj\u0119 firmy w CEIDG lub KRS,<\/li><li>wdro\u017cenie systemu ksi\u0119gowego,<\/li><li>pierwsze rozliczenia bez stresu,<\/li><li>ksi\u0119gowo\u015b\u0107 online, idealn\u0105 dla start-up\u00f3w.<\/li><\/ul><p>Je\u015bli zak\u0142adasz biznes i potrzebujesz <strong>ksi\u0119gowo\u015bci dla nowych firm we Wroc\u0142awiu<\/strong>, przeprowadzimy Ci\u0119 przez ca\u0142y proces.<\/p><p><strong>Obs\u0142uga fundacji i stowarzysze\u0144<\/strong><\/p><p>Podmioty non-profit wymagaj\u0105 specyficznej, dok\u0142adnej ksi\u0119gowo\u015bci zgodnej z ustawami reguluj\u0105cymi dzia\u0142alno\u015b\u0107 NGO.<br \/>Oferujemy:<\/p><ul><li>prowadzenie ksi\u0105g rachunkowych,<\/li><li>ewidencj\u0119 dotacji i darowizn,<\/li><li>sprawozdawczo\u015b\u0107 dla instytucji publicznych,<\/li><li>rozliczenia projekt\u00f3w.<\/li><\/ul><p>Je\u015bli potrzebujesz <strong>ksi\u0119gowo\u015bci fundacji we Wroc\u0142awiu<\/strong>, zadbamy o pe\u0142n\u0105 zgodno\u015b\u0107 dokumentacji i przejrzysto\u015b\u0107 finansow\u0105.<\/p><p><strong>Dlaczego firmy z Wroc\u0142awia wybieraj\u0105 nasz\u0105 ksi\u0119gowo\u015b\u0107?<\/strong><\/p><ul><li>sta\u0142y kontakt i mo\u017cliwo\u015b\u0107 rozlicze\u0144 online,<\/li><li>jasne zasady wsp\u00f3\u0142pracy,<\/li><li>przejrzysto\u015b\u0107 dzia\u0142a\u0144,<\/li><li>indywidualne podej\u015bcie do ka\u017cdego rodzaju biznesu.<\/li><\/ul><p>Naszym celem jest zapewnienie pe\u0142nego bezpiecze\u0144stwa i spokoju w prowadzeniu dzia\u0142alno\u015bci, niezale\u017cnie od jej wielko\u015bci.<\/p><p>\u00a0<\/p>\t\t\t\t\t\t\t\t<\/div>\n\t\t\t\t<\/div>\n\t\t\t\t\t<\/div>\n\t\t<\/div>\n\t\t\t\t\t<\/div>\n\t\t<\/section>\n\t\t\t\t<section class=\"elementor-section elementor-top-section elementor-element elementor-element-b3021c3 elementor-hidden-tablet elementor-hidden-phone elementor-section-boxed elementor-section-height-default elementor-section-height-default\" data-id=\"b3021c3\" data-element_type=\"section\" data-e-type=\"section\" data-settings=\"{&quot;background_background&quot;:&quot;classic&quot;}\">\n\t\t\t\t\t\t<div class=\"elementor-container elementor-column-gap-default\">\n\t\t\t\t\t<div class=\"elementor-column elementor-col-100 elementor-top-column elementor-element elementor-element-d4bc66c\" data-id=\"d4bc66c\" data-element_type=\"column\" data-e-type=\"column\">\n\t\t\t<div class=\"elementor-widget-wrap elementor-element-populated\">\n\t\t\t\t\t\t<div class=\"elementor-element elementor-element-de3e326 elementor-widget-divider--view-line elementor-widget elementor-widget-divider\" data-id=\"de3e326\" data-element_type=\"widget\" data-e-type=\"widget\" data-widget_type=\"divider.default\">\n\t\t\t\t<div class=\"elementor-widget-container\">\n\t\t\t\t\t\t\t<div class=\"elementor-divider\">\n\t\t\t<span class=\"elementor-divider-separator\">\n\t\t\t\t\t\t<\/span>\n\t\t<\/div>\n\t\t\t\t\t\t<\/div>\n\t\t\t\t<\/div>\n\t\t\t\t\t<\/div>\n\t\t<\/div>\n\t\t\t\t\t<\/div>\n\t\t<\/section>\n\t\t\t\t<section class=\"elementor-section elementor-top-section elementor-element elementor-element-43a92b1 elementor-section-boxed elementor-section-height-default elementor-section-height-default\" data-id=\"43a92b1\" data-element_type=\"section\" data-e-type=\"section\" data-settings=\"{&quot;background_background&quot;:&quot;classic&quot;}\">\n\t\t\t\t\t\t<div class=\"elementor-container elementor-column-gap-default\">\n\t\t\t\t\t<div class=\"elementor-column elementor-col-100 elementor-top-column elementor-element elementor-element-f7fe86b\" data-id=\"f7fe86b\" data-element_type=\"column\" data-e-type=\"column\" data-settings=\"{&quot;background_background&quot;:&quot;classic&quot;}\">\n\t\t\t<div class=\"elementor-widget-wrap\">\n\t\t\t\t\t\t\t<\/div>\n\t\t<\/div>\n\t\t\t\t\t<\/div>\n\t\t<\/section>\n\t\t\t\t<section class=\"elementor-section elementor-top-section elementor-element elementor-element-9d5536b elementor-section-boxed elementor-section-height-default elementor-section-height-default\" data-id=\"9d5536b\" data-element_type=\"section\" data-e-type=\"section\">\n\t\t\t\t\t\t<div class=\"elementor-container elementor-column-gap-default\">\n\t\t\t\t\t<div class=\"elementor-column elementor-col-100 elementor-top-column elementor-element elementor-element-716427b\" data-id=\"716427b\" data-element_type=\"column\" data-e-type=\"column\">\n\t\t\t<div class=\"elementor-widget-wrap elementor-element-populated\">\n\t\t\t\t\t\t<section class=\"elementor-section elementor-inner-section elementor-element elementor-element-1671fff elementor-section-boxed elementor-section-height-default elementor-section-height-default\" data-id=\"1671fff\" data-element_type=\"section\" data-e-type=\"section\">\n\t\t\t\t\t\t<div class=\"elementor-container elementor-column-gap-default\">\n\t\t\t\t\t<div class=\"elementor-column elementor-col-50 elementor-inner-column elementor-element elementor-element-9826d5f\" data-id=\"9826d5f\" data-element_type=\"column\" data-e-type=\"column\">\n\t\t\t<div class=\"elementor-widget-wrap elementor-element-populated\">\n\t\t\t\t\t\t<div class=\"elementor-element elementor-element-dd95d0a elementor-widget elementor-widget-heading\" data-id=\"dd95d0a\" data-element_type=\"widget\" data-e-type=\"widget\" data-widget_type=\"heading.default\">\n\t\t\t\t<div class=\"elementor-widget-container\">\n\t\t\t\t\t<h3 class=\"elementor-heading-title elementor-size-default\">Ksi\u0119gowo\u015b\u0107, kt\u00f3ra daje przewag\u0119.<\/h3>\t\t\t\t<\/div>\n\t\t\t\t<\/div>\n\t\t\t\t\t<\/div>\n\t\t<\/div>\n\t\t\t\t<div class=\"elementor-column elementor-col-50 elementor-inner-column elementor-element elementor-element-6b93981\" data-id=\"6b93981\" data-element_type=\"column\" data-e-type=\"column\">\n\t\t\t<div class=\"elementor-widget-wrap\">\n\t\t\t\t\t\t\t<\/div>\n\t\t<\/div>\n\t\t\t\t\t<\/div>\n\t\t<\/section>\n\t\t\t\t<div class=\"elementor-element elementor-element-3da271d elementor-widget elementor-widget-heading\" data-id=\"3da271d\" data-element_type=\"widget\" data-e-type=\"widget\" data-widget_type=\"heading.default\">\n\t\t\t\t<div class=\"elementor-widget-container\">\n\t\t\t\t\t<p class=\"elementor-heading-title elementor-size-default\">Ksi\u0119gowo\u015b\u0107, kt\u00f3ra daje przewag\u0119.<\/p>\t\t\t\t<\/div>\n\t\t\t\t<\/div>\n\t\t\t\t\t<\/div>\n\t\t<\/div>\n\t\t\t\t\t<\/div>\n\t\t<\/section>\n\t\t\t\t<section class=\"elementor-section elementor-top-section elementor-element elementor-element-0973499 elementor-section-full_width elementor-hidden-mobile elementor-section-height-default elementor-section-height-default\" data-id=\"0973499\" data-element_type=\"section\" data-e-type=\"section\">\n\t\t\t\t\t\t<div class=\"elementor-container elementor-column-gap-default\">\n\t\t\t\t\t<div class=\"elementor-column elementor-col-100 elementor-top-column elementor-element elementor-element-b765d48\" data-id=\"b765d48\" data-element_type=\"column\" data-e-type=\"column\">\n\t\t\t<div class=\"elementor-widget-wrap elementor-element-populated\">\n\t\t\t\t\t\t<div class=\"elementor-element elementor-element-092d4b6 elementor-widget elementor-widget-image-carousel\" data-id=\"092d4b6\" data-element_type=\"widget\" data-e-type=\"widget\" data-settings=\"{&quot;slides_to_show&quot;:&quot;5&quot;,&quot;navigation&quot;:&quot;none&quot;,&quot;speed&quot;:600,&quot;image_spacing_custom&quot;:{&quot;unit&quot;:&quot;px&quot;,&quot;size&quot;:12,&quot;sizes&quot;:[]},&quot;autoplay&quot;:&quot;yes&quot;,&quot;pause_on_hover&quot;:&quot;yes&quot;,&quot;pause_on_interaction&quot;:&quot;yes&quot;,&quot;autoplay_speed&quot;:5000,&quot;infinite&quot;:&quot;yes&quot;,&quot;image_spacing_custom_tablet&quot;:{&quot;unit&quot;:&quot;px&quot;,&quot;size&quot;:&quot;&quot;,&quot;sizes&quot;:[]},&quot;image_spacing_custom_mobile&quot;:{&quot;unit&quot;:&quot;px&quot;,&quot;size&quot;:&quot;&quot;,&quot;sizes&quot;:[]}}\" data-widget_type=\"image-carousel.default\">\n\t\t\t\t<div class=\"elementor-widget-container\">\n\t\t\t\t\t\t\t<div class=\"elementor-image-carousel-wrapper swiper\" role=\"region\" aria-roledescription=\"carousel\" aria-label=\"Karuzela obrazk\u00f3w\" dir=\"ltr\">\n\t\t\t<div class=\"elementor-image-carousel swiper-wrapper swiper-image-stretch\" aria-live=\"off\">\n\t\t\t\t\t\t\t\t<div class=\"swiper-slide\" role=\"group\" aria-roledescription=\"slide\" aria-label=\"1 z 5\"><figure class=\"swiper-slide-inner\"><img decoding=\"async\" class=\"swiper-slide-image\" src=\"https:\/\/www.eagletax.pl\/wp-content\/uploads\/2025\/11\/BRIEFCASE-ICON-1-768x768.png\" alt=\"BRIEFCASE ICON (1)\" \/><\/figure><\/div><div class=\"swiper-slide\" role=\"group\" aria-roledescription=\"slide\" aria-label=\"2 z 5\"><figure class=\"swiper-slide-inner\"><img decoding=\"async\" class=\"swiper-slide-image\" src=\"https:\/\/www.eagletax.pl\/wp-content\/uploads\/2025\/11\/HR-ICON-1-768x768.png\" alt=\"HR ICON (1)\" \/><\/figure><\/div><div class=\"swiper-slide\" role=\"group\" aria-roledescription=\"slide\" aria-label=\"3 z 5\"><figure class=\"swiper-slide-inner\"><img decoding=\"async\" class=\"swiper-slide-image\" src=\"https:\/\/www.eagletax.pl\/wp-content\/uploads\/2025\/11\/CALCULATOR-ICON-1-768x768.png\" alt=\"CALCULATOR ICON (1)\" \/><\/figure><\/div><div class=\"swiper-slide\" role=\"group\" aria-roledescription=\"slide\" aria-label=\"4 z 5\"><figure class=\"swiper-slide-inner\"><img decoding=\"async\" class=\"swiper-slide-image\" src=\"https:\/\/www.eagletax.pl\/wp-content\/uploads\/2025\/11\/JPK-ICON-1-768x768.png\" alt=\"JPK ICON (1)\" \/><\/figure><\/div><div class=\"swiper-slide\" role=\"group\" aria-roledescription=\"slide\" aria-label=\"5 z 5\"><figure class=\"swiper-slide-inner\"><img decoding=\"async\" class=\"swiper-slide-image\" src=\"https:\/\/www.eagletax.pl\/wp-content\/uploads\/2025\/11\/SPEAKER-ICON-e1764587102570-768x539.png\" alt=\"SPEAKER ICON\" \/><\/figure><\/div>\t\t\t<\/div>\n\t\t\t\t\t\t\t\n\t\t\t\t\t\t\t\t\t<\/div>\n\t\t\t\t\t\t<\/div>\n\t\t\t\t<\/div>\n\t\t\t\t\t<\/div>\n\t\t<\/div>\n\t\t\t\t\t<\/div>\n\t\t<\/section>\n\t\t\t\t<\/div>\n\t\t","protected":false},"excerpt":{"rendered":"<p>Ksi\u0119gowo\u015b\u0107 dla firm JDG JDG WI\u0118CEJ PE\u0141NA KSI\u0118GOWO\u015a\u0106 PE\u0141NA KSI\u0118GOWO\u015a\u0106 WI\u0118CEJ Ksi\u0119gowo\u015b\u0107 dla firm Wroc\u0142aw \u2013 kompleksowa obs\u0142uga przedsi\u0119biorstw, sp\u00f3\u0142ek i organizacji Profesjonalna ksi\u0119gowo\u015b\u0107 dla firm we Wroc\u0142awiu to podstawa bezpiecznego prowadzenia biznesu. Niezale\u017cnie od tego, czy prowadzisz jednoosobow\u0105 dzia\u0142alno\u015b\u0107 gospodarcz\u0105, sp\u00f3\u0142k\u0119 z o.o., start-up, sklep internetowy czy fundacj\u0119 \u2013 nasza obs\u0142uga ksi\u0119gowa zosta\u0142a zaprojektowana&#8230;<\/p>\n","protected":false},"author":1,"featured_media":0,"parent":0,"menu_order":0,"comment_status":"closed","ping_status":"closed","template":"","meta":{"_kadence_starter_templates_imported_post":true,"_kad_post_transparent":"","_kad_post_title":"hide","_kad_post_layout":"fullwidth","_kad_post_sidebar_id":"","_kad_post_content_style":"unboxed","_kad_post_vertical_padding":"hide","_kad_post_feature":"hide","_kad_post_feature_position":"","_kad_post_header":false,"_kad_post_footer":false,"_kad_post_classname":"","footnotes":""},"class_list":["post-1936","page","type-page","status-publish","hentry"],"jetpack_sharing_enabled":true,"_links":{"self":[{"href":"https:\/\/www.eagletax.pl\/index.php\/wp-json\/wp\/v2\/pages\/1936","targetHints":{"allow":["GET"]}}],"collection":[{"href":"https:\/\/www.eagletax.pl\/index.php\/wp-json\/wp\/v2\/pages"}],"about":[{"href":"https:\/\/www.eagletax.pl\/index.php\/wp-json\/wp\/v2\/types\/page"}],"author":[{"embeddable":true,"href":"https:\/\/www.eagletax.pl\/index.php\/wp-json\/wp\/v2\/users\/1"}],"replies":[{"embeddable":true,"href":"https:\/\/www.eagletax.pl\/index.php\/wp-json\/wp\/v2\/comments?post=1936"}],"version-history":[{"count":26,"href":"https:\/\/www.eagletax.pl\/index.php\/wp-json\/wp\/v2\/pages\/1936\/revisions"}],"predecessor-version":[{"id":2342,"href":"https:\/\/www.eagletax.pl\/index.php\/wp-json\/wp\/v2\/pages\/1936\/revisions\/2342"}],"wp:attachment":[{"href":"https:\/\/www.eagletax.pl\/index.php\/wp-json\/wp\/v2\/media?parent=1936"}],"curies":[{"name":"wp","href":"https:\/\/api.w.org\/{rel}","templated":true}]}}